{"id":5615,"date":"2020-12-08T13:35:25","date_gmt":"2020-12-08T12:35:25","guid":{"rendered":"https:\/\/yessmagyarorszag.hu\/?page_id=5615"},"modified":"2020-12-08T14:12:16","modified_gmt":"2020-12-08T13:12:16","slug":"itt-mar-megtalaltok","status":"publish","type":"page","link":"https:\/\/yessmagyarorszag.hu\/en\/itt-mar-megtalaltok\/","title":{"rendered":"ITT M\u00c1R MEGTAL\u00c1LTOK"},"content":{"rendered":"<section class=\"section\" id=\"section_1162077334\">\n\t\t<div class=\"bg section-bg fill bg-fill  bg-loaded\" >\n\n\t\t\t\n\t\t\t\n\t\t\t\n\n\t\t<\/div>\n\n\t\t\n\n\t\t<div class=\"section-content relative\">\n\t\t\t\n\n<div class=\"row\"  id=\"row-1537935052\">\n\n\n\t<div id=\"col-1967065553\" class=\"col small-12 large-12\"  >\n\t\t\t\t<div class=\"col-inner\"  >\n\t\t\t\n\t\t\t\n\n<h2 style=\"font-size: 240%; text-align: center;\">You can find us here!<\/h2>\n<h4 style=\"text-align: center;\">Stores where you can already find our products!<\/h4>\n\n\t\t<\/div>\n\t\t\t\t\t<\/div>\n\n\t\n\n<\/div>\n\n\t\t<\/div>\n\n\t\t\n<style>\n#section_1162077334 {\n  padding-top: 30px;\n  padding-bottom: 30px;\n  background-color: rgb(246, 246, 246);\n}\n#section_1162077334 .ux-shape-divider--top svg {\n  height: 150px;\n  --divider-top-width: 100%;\n}\n#section_1162077334 .ux-shape-divider--bottom svg {\n  height: 150px;\n  --divider-width: 100%;\n}\n<\/style>\n\t<\/section>\n\t\n\t<section class=\"section\" id=\"section_189609875\">\n\t\t<div class=\"bg section-bg fill bg-fill  bg-loaded\" >\n\n\t\t\t\n\t\t\t\n\t\t\t\n\n\t\t<\/div>\n\n\t\t\n\n\t\t<div class=\"section-content relative\">\n\t\t\t\n\n<div class=\"row align-middle\"  id=\"row-127885543\">\n\n\n\t<div id=\"col-1277880379\" class=\"col medium-6 small-12 large-6\"  >\n\t\t\t\t<div class=\"col-inner text-center box-shadow-1 box-shadow-2-hover\"  >\n\t\t\t\n\t\t\t\n\n<h2>CBA Mcsemege<\/h2>\nBudapest, V\u00e1c, Nagymaros, Kismaros, Ver\u0151ce\n\t<div id=\"gap-462382128\" class=\"gap-element clearfix\" style=\"display:block; height:auto;\">\n\t\t\n<style>\n#gap-462382128 {\n  padding-top: 30px;\n}\n<\/style>\n\t<\/div>\n\t\n\n<a rel=\"noopener noreferrer\" href=\"https:\/\/mcsemege.hu\/uzleteink\" target=\"_blank\" class=\"button primary\"  >\n    <span>View stores<\/span>\n  <\/a>\n\n\n\n\t\t<\/div>\n\t\t\t\t\n<style>\n#col-1277880379 > .col-inner {\n  padding: 20px 20px 20px 20px;\n}\n<\/style>\n\t<\/div>\n\n\t\n\n\t<div id=\"col-1068901566\" class=\"col medium-6 small-12 large-6\"  >\n\t\t\t\t<div class=\"col-inner text-center box-shadow-1 box-shadow-2-hover\"  >\n\t\t\t\n\t\t\t\n\n<h2>RE\u00c1L stores<\/h2>\nBudapest, P\u00e9cs \u00e9s k\u00f6rny\u00e9ke, Kondorosi \u00fat, Lurdy H\u00e1z\n\t<div id=\"gap-1170489829\" class=\"gap-element clearfix\" style=\"display:block; height:auto;\">\n\t\t\n<style>\n#gap-1170489829 {\n  padding-top: 30px;\n}\n<\/style>\n\t<\/div>\n\t\n\n<a rel=\"noopener noreferrer\" href=\"https:\/\/real.hu\/uzleteink\" target=\"_blank\" class=\"button primary\"  >\n    <span>View stores<\/span>\n  <\/a>\n\n\n\n\t\t<\/div>\n\t\t\t\t\n<style>\n#col-1068901566 > .col-inner {\n  padding: 20px 20px 20px 20px;\n}\n<\/style>\n\t<\/div>\n\n\t\n\n<\/div>\n\n\t\t<\/div>\n\n\t\t\n<style>\n#section_189609875 {\n  padding-top: 30px;\n  padding-bottom: 30px;\n}\n#section_189609875 .ux-shape-divider--top svg {\n  height: 150px;\n  --divider-top-width: 100%;\n}\n#section_189609875 .ux-shape-divider--bottom svg {\n  height: 150px;\n  --divider-width: 100%;\n}\n<\/style>\n\t<\/section>\n\t\n\t<section class=\"section\" id=\"section_581937370\">\n\t\t<div class=\"bg section-bg fill bg-fill  bg-loaded\" >\n\n\t\t\t\n\t\t\t\n\t\t\t\n\n\t\t<\/div>\n\n\t\t\n\n\t\t<div class=\"section-content relative\">\n\t\t\t\n\n<div class=\"row align-middle\"  id=\"row-117204914\">\n\n\n\t<div id=\"col-873849999\" class=\"col medium-6 small-12 large-6\"  >\n\t\t\t\t<div class=\"col-inner text-center box-shadow-1 box-shadow-2-hover\"  >\n\t\t\t\n\t\t\t\n\n<h2>FeZ\u00f3 stores<\/h2>\nSzentgotth\u00e1rd, \u0150riszentp\u00e9ter \u00e9s az \u0150rs\u00e9g ter\u00fclete\n\t<div id=\"gap-1549699645\" class=\"gap-element clearfix\" style=\"display:block; height:auto;\">\n\t\t\n<style>\n#gap-1549699645 {\n  padding-top: 30px;\n}\n<\/style>\n\t<\/div>\n\t\n\n<a rel=\"noopener noreferrer\" href=\"https:\/\/fezo.hu\/uzleteink\/\" target=\"_blank\" class=\"button primary\"  >\n    <span>View stores<\/span>\n  <\/a>\n\n\n\n\t\t<\/div>\n\t\t\t\t\n<style>\n#col-873849999 > .col-inner {\n  padding: 20px 20px 20px 20px;\n}\n<\/style>\n\t<\/div>\n\n\t\n\n\t<div id=\"col-1392658840\" class=\"col medium-6 small-12 large-6\"  >\n\t\t\t\t<div class=\"col-inner text-center box-shadow-1 box-shadow-2-hover\"  >\n\t\t\t\n\t\t\t\n\n<h2>Szil-Coop shopping mall<\/h2>\nKecskem\u00e9t\n\t<div id=\"gap-2091284922\" class=\"gap-element clearfix\" style=\"display:block; height:auto;\">\n\t\t\n<style>\n#gap-2091284922 {\n  padding-top: 30px;\n}\n<\/style>\n\t<\/div>\n\t\n\n<a rel=\"noopener noreferrer\" href=\"http:\/\/szil-coop.hu\/\" target=\"_blank\" class=\"button primary\"  >\n    <span>View stores<\/span>\n  <\/a>\n\n\n\n\t\t<\/div>\n\t\t\t\t\n<style>\n#col-1392658840 > .col-inner {\n  padding: 20px 20px 20px 20px;\n}\n<\/style>\n\t<\/div>\n\n\t\n\n<\/div>\n\n\t\t<\/div>\n\n\t\t\n<style>\n#section_581937370 {\n  padding-top: 30px;\n  padding-bottom: 30px;\n}\n#section_581937370 .ux-shape-divider--top svg {\n  height: 150px;\n  --divider-top-width: 100%;\n}\n#section_581937370 .ux-shape-divider--bottom svg {\n  height: 150px;\n  --divider-width: 100%;\n}\n<\/style>\n\t<\/section>\n\t\n\t<section class=\"section\" id=\"section_738029856\">\n\t\t<div class=\"bg section-bg fill bg-fill  bg-loaded\" >\n\n\t\t\t\n\t\t\t\n\t\t\t\n\n\t\t<\/div>\n\n\t\t\n\n\t\t<div class=\"section-content relative\">\n\t\t\t\n\n<div class=\"row align-middle\"  id=\"row-1494541135\">\n\n\n\t<div id=\"col-1842913898\" class=\"col medium-6 small-12 large-6\"  >\n\t\t\t\t<div class=\"col-inner text-center box-shadow-1 box-shadow-2-hover\"  >\n\t\t\t\n\t\t\t\n\n<h2>Priv\u00e1t\u00e9lelmiszer stores<\/h2>\nHajd\u00fa-Bihar megye \u00e9s Debrecen\n\t<div id=\"gap-341104691\" class=\"gap-element clearfix\" style=\"display:block; height:auto;\">\n\t\t\n<style>\n#gap-341104691 {\n  padding-top: 30px;\n}\n<\/style>\n\t<\/div>\n\t\n\n<a rel=\"noopener noreferrer\" href=\"http:\/\/privatelelmiszer.hu\/uzletkereso\" target=\"_blank\" class=\"button primary\"  >\n    <span>View stores<\/span>\n  <\/a>\n\n\n\n\t\t<\/div>\n\t\t\t\t\n<style>\n#col-1842913898 > .col-inner {\n  padding: 20px 20px 20px 20px;\n}\n<\/style>\n\t<\/div>\n\n\t\n\n<\/div>\n\n\t\t<\/div>\n\n\t\t\n<style>\n#section_738029856 {\n  padding-top: 30px;\n  padding-bottom: 30px;\n}\n#section_738029856 .ux-shape-divider--top svg {\n  height: 150px;\n  --divider-top-width: 100%;\n}\n#section_738029856 .ux-shape-divider--bottom svg {\n  height: 150px;\n  --divider-width: 100%;\n}\n<\/style>\n\t<\/section>","protected":false},"excerpt":{"rendered":"","protected":false},"author":1,"featured_media":0,"parent":0,"menu_order":0,"comment_status":"closed","ping_status":"closed","template":"","meta":[],"_links":{"self":[{"href":"https:\/\/yessmagyarorszag.hu\/en\/wp-json\/wp\/v2\/pages\/5615"}],"collection":[{"href":"https:\/\/yessmagyarorszag.hu\/en\/wp-json\/wp\/v2\/pages"}],"about":[{"href":"https:\/\/yessmagyarorszag.hu\/en\/wp-json\/wp\/v2\/types\/page"}],"author":[{"embeddable":true,"href":"https:\/\/yessmagyarorszag.hu\/en\/wp-json\/wp\/v2\/users\/1"}],"replies":[{"embeddable":true,"href":"https:\/\/yessmagyarorszag.hu\/en\/wp-json\/wp\/v2\/comments?post=5615"}],"version-history":[{"count":2,"href":"https:\/\/yessmagyarorszag.hu\/en\/wp-json\/wp\/v2\/pages\/5615\/revisions"}],"predecessor-version":[{"id":5620,"href":"https:\/\/yessmagyarorszag.hu\/en\/wp-json\/wp\/v2\/pages\/5615\/revisions\/5620"}],"wp:attachment":[{"href":"https:\/\/yessmagyarorszag.hu\/en\/wp-json\/wp\/v2\/media?parent=5615"}],"curies":[{"name":"wp","href":"https:\/\/api.w.org\/{rel}","templated":true}]}}