{"id":4568,"date":"2020-05-04T10:17:51","date_gmt":"2020-05-04T08:17:51","guid":{"rendered":"https:\/\/yessmagyarorszag.hu\/termek\/yess-paprikakrem-csipos-30-kg\/"},"modified":"2024-11-04T14:54:07","modified_gmt":"2024-11-04T13:54:07","slug":"yess-paprikakrem-csipos-30-kg","status":"publish","type":"product","link":"https:\/\/yessmagyarorszag.hu\/en\/product\/yess-paprikakrem-csipos-30-kg\/","title":{"rendered":"YESS paprikakr\u00e9m cs\u00edp\u0151s 30 kg"},"content":{"rendered":"","protected":false},"excerpt":{"rendered":"","protected":false},"featured_media":0,"template":"","meta":[],"product_cat":[44],"product_tag":[],"_links":{"self":[{"href":"https:\/\/yessmagyarorszag.hu\/en\/wp-json\/wp\/v2\/product\/4568"}],"collection":[{"href":"https:\/\/yessmagyarorszag.hu\/en\/wp-json\/wp\/v2\/product"}],"about":[{"href":"https:\/\/yessmagyarorszag.hu\/en\/wp-json\/wp\/v2\/types\/product"}],"wp:attachment":[{"href":"https:\/\/yessmagyarorszag.hu\/en\/wp-json\/wp\/v2\/media?parent=4568"}],"wp:term":[{"taxonomy":"product_cat","embeddable":true,"href":"https:\/\/yessmagyarorszag.hu\/en\/wp-json\/wp\/v2\/product_cat?post=4568"},{"taxonomy":"product_tag","embeddable":true,"href":"https:\/\/yessmagyarorszag.hu\/en\/wp-json\/wp\/v2\/product_tag?post=4568"}],"curies":[{"name":"wp","href":"https:\/\/api.w.org\/{rel}","templated":true}]}}