{"id":4540,"date":"2020-05-04T10:17:47","date_gmt":"2020-05-04T08:17:47","guid":{"rendered":"https:\/\/yessmagyarorszag.hu\/termek\/yess-cezar-ontet-2500g\/"},"modified":"2023-05-11T07:22:16","modified_gmt":"2023-05-11T05:22:16","slug":"yess-cezar-ontet-2500g","status":"publish","type":"product","link":"https:\/\/yessmagyarorszag.hu\/hu_hu\/termek\/yess-cezar-ontet-2500g\/","title":{"rendered":"YESS c\u00e9z\u00e1r \u00f6ntet 2500g"},"content":{"rendered":"","protected":false},"excerpt":{"rendered":"","protected":false},"featured_media":5882,"template":"","meta":[],"product_cat":[44],"product_tag":[],"_links":{"self":[{"href":"https:\/\/yessmagyarorszag.hu\/hu_hu\/wp-json\/wp\/v2\/product\/4540"}],"collection":[{"href":"https:\/\/yessmagyarorszag.hu\/hu_hu\/wp-json\/wp\/v2\/product"}],"about":[{"href":"https:\/\/yessmagyarorszag.hu\/hu_hu\/wp-json\/wp\/v2\/types\/product"}],"wp:featuredmedia":[{"embeddable":true,"href":"https:\/\/yessmagyarorszag.hu\/hu_hu\/wp-json\/wp\/v2\/media\/5882"}],"wp:attachment":[{"href":"https:\/\/yessmagyarorszag.hu\/hu_hu\/wp-json\/wp\/v2\/media?parent=4540"}],"wp:term":[{"taxonomy":"product_cat","embeddable":true,"href":"https:\/\/yessmagyarorszag.hu\/hu_hu\/wp-json\/wp\/v2\/product_cat?post=4540"},{"taxonomy":"product_tag","embeddable":true,"href":"https:\/\/yessmagyarorszag.hu\/hu_hu\/wp-json\/wp\/v2\/product_tag?post=4540"}],"curies":[{"name":"wp","href":"https:\/\/api.w.org\/{rel}","templated":true}]}}